{"id":1490,"date":"2023-09-28T09:50:59","date_gmt":"2023-09-28T09:50:59","guid":{"rendered":"https:\/\/www.numta.cat\/empresa\/"},"modified":"2023-11-13T11:08:18","modified_gmt":"2023-11-13T11:08:18","slug":"empresa","status":"publish","type":"page","link":"https:\/\/www.numta.cat\/ca\/empresa\/","title":{"rendered":"Empresa"},"content":{"rendered":"\t\t<div data-elementor-type=\"wp-page\" data-elementor-id=\"1490\" class=\"elementor elementor-1490 elementor-403\" data-elementor-post-type=\"page\">\n\t\t\t\t\t\t<section class=\"elementor-section elementor-top-section elementor-element elementor-element-432cf4f elementor-section-full_width elementor-section-stretched elementor-section-height-default elementor-section-height-default\" data-id=\"432cf4f\" data-element_type=\"section\" data-e-type=\"section\" data-settings=\"{&quot;stretch_section&quot;:&quot;section-stretched&quot;,&quot;background_background&quot;:&quot;classic&quot;}\">\n\t\t\t\t\t\t\t<div class=\"elementor-background-overlay\"><\/div>\n\t\t\t\t\t\t\t<div class=\"elementor-container elementor-column-gap-default\">\n\t\t\t\t\t<div class=\"elementor-column elementor-col-100 elementor-top-column elementor-element elementor-element-65cf0c8\" data-id=\"65cf0c8\" data-element_type=\"column\" data-e-type=\"column\">\n\t\t\t<div class=\"elementor-widget-wrap elementor-element-populated\">\n\t\t\t\t\t\t<section class=\"elementor-section elementor-inner-section elementor-element elementor-element-02f5044 elementor-section-full_width elementor-section-height-default elementor-section-height-default\" data-id=\"02f5044\" data-element_type=\"section\" data-e-type=\"section\">\n\t\t\t\t\t\t<div class=\"elementor-container elementor-column-gap-default\">\n\t\t\t\t\t<div class=\"elementor-column elementor-col-50 elementor-inner-column elementor-element elementor-element-f3fde12\" data-id=\"f3fde12\" data-element_type=\"column\" data-e-type=\"column\" data-settings=\"{&quot;background_background&quot;:&quot;gradient&quot;}\">\n\t\t\t<div class=\"elementor-widget-wrap\">\n\t\t\t\t\t<div class=\"elementor-background-overlay\"><\/div>\n\t\t\t\t\t\t\t<\/div>\n\t\t<\/div>\n\t\t\t\t<div class=\"elementor-column elementor-col-50 elementor-inner-column elementor-element elementor-element-be67a29\" data-id=\"be67a29\" data-element_type=\"column\" data-e-type=\"column\">\n\t\t\t<div class=\"elementor-widget-wrap elementor-element-populated\">\n\t\t\t\t\t\t<div class=\"elementor-element elementor-element-ee5da14 elementor-widget-mobile__width-initial gradmainhd elementor-widget elementor-widget-heading\" data-id=\"ee5da14\" data-element_type=\"widget\" data-e-type=\"widget\" data-widget_type=\"heading.default\">\n\t\t\t\t<div class=\"elementor-widget-container\">\n\t\t\t\t\t<h2 class=\"elementor-heading-title elementor-size-default\">EMPRESA<\/h2>\t\t\t\t<\/div>\n\t\t\t\t<\/div>\n\t\t\t\t\t<\/div>\n\t\t<\/div>\n\t\t\t\t\t<\/div>\n\t\t<\/section>\n\t\t\t\t\t<\/div>\n\t\t<\/div>\n\t\t\t\t\t<\/div>\n\t\t<\/section>\n\t\t\t\t<section class=\"elementor-section elementor-top-section elementor-element elementor-element-cbdf0ab elementor-section-boxed elementor-section-height-default elementor-section-height-default\" data-id=\"cbdf0ab\" data-element_type=\"section\" data-e-type=\"section\" data-settings=\"{&quot;background_background&quot;:&quot;classic&quot;}\">\n\t\t\t\t\t\t<div class=\"elementor-container elementor-column-gap-default\">\n\t\t\t\t\t<div class=\"elementor-column elementor-col-100 elementor-top-column elementor-element elementor-element-fe925f9\" data-id=\"fe925f9\" data-element_type=\"column\" data-e-type=\"column\">\n\t\t\t<div class=\"elementor-widget-wrap elementor-element-populated\">\n\t\t\t\t\t\t<div class=\"elementor-element elementor-element-51996b7 elementor-widget__width-initial elementor-widget elementor-widget-text-editor\" data-id=\"51996b7\" data-element_type=\"widget\" data-e-type=\"widget\" data-widget_type=\"text-editor.default\">\n\t\t\t\t<div class=\"elementor-widget-container\">\n\t\t\t\t\t\t\t\t\t<p>La llarga traject\u00f2ria del nostre equip ens avala, basada en una organitzaci\u00f3 eficient, din\u00e0mica i emprenedora que, juntament amb una \u00e0mplia experi\u00e8ncia, orientaci\u00f3 a la satisfacci\u00f3 i vocaci\u00f3 de creixement, ens permet arribar fins als nostres clients oferint-los solucions integrals amb la millor qualitat.<\/p>\n<p>L&#8217;equip de <span style=\"color: #30518a;\"><strong>NUMTA<\/strong><\/span> est\u00e0 format per un grup de professionals altament qualificats formats a les millors t\u00e8cniques constructives i de gesti\u00f3 d&#8217;obres al servei al servei d&#8217;institucions p\u00fabliques, empreses privades i particulars.<\/p>\n\t\t\t\t\t\t\t\t<\/div>\n\t\t\t\t<\/div>\n\t\t\t\t<div class=\"elementor-element elementor-element-3112f7d elementor-widget__width-initial elementor-widget elementor-widget-image\" data-id=\"3112f7d\" data-element_type=\"widget\" data-e-type=\"widget\" data-widget_type=\"image.default\">\n\t\t\t\t<div class=\"elementor-widget-container\">\n\t\t\t\t\t\t\t\t\t\t\t\t\t\t\t<img fetchpriority=\"high\" decoding=\"async\" width=\"800\" height=\"311\" src=\"https:\/\/www.numta.cat\/wp-content\/uploads\/2023\/07\/circles.png\" class=\"attachment-large size-large wp-image-1426\" alt=\"\" srcset=\"https:\/\/www.numta.cat\/wp-content\/uploads\/2023\/07\/circles.png 845w, https:\/\/www.numta.cat\/wp-content\/uploads\/2023\/07\/circles-300x116.png 300w, https:\/\/www.numta.cat\/wp-content\/uploads\/2023\/07\/circles-768x298.png 768w\" sizes=\"(max-width: 800px) 100vw, 800px\" \/>\t\t\t\t\t\t\t\t\t\t\t\t\t\t\t<\/div>\n\t\t\t\t<\/div>\n\t\t\t\t<div class=\"elementor-element elementor-element-31f224e elementor-widget__width-initial elementor-widget elementor-widget-text-editor\" data-id=\"31f224e\" data-element_type=\"widget\" data-e-type=\"widget\" data-widget_type=\"text-editor.default\">\n\t\t\t\t<div class=\"elementor-widget-container\">\n\t\t\t\t\t\t\t\t\t<p>Els nostres projectes es regeixen per m\u00faltiples objectius: ser .ser funcionals, sostenibles i socials. Ens esforcem per millorar els processos de producci\u00f3 mitjan\u00e7ant la metodologia BIM.<\/p>\n<p>El nostre objectiu \u00e9s consolidar-nos com una empresa constructora l\u00edder, en desenvolupar una metodologia pr\u00f2pia en cada projecte, fonamentada en els valors de professionalisme i comprom\u00eds, que ens fan destacar al mercat.<\/p>\t\t\t\t\t\t\t\t<\/div>\n\t\t\t\t<\/div>\n\t\t\t\t\t<\/div>\n\t\t<\/div>\n\t\t\t\t\t<\/div>\n\t\t<\/section>\n\t\t\t\t<\/div>\n\t\t","protected":false},"excerpt":{"rendered":"<p>EMPRESA La llarga traject\u00f2ria del nostre equip ens avala, basada en una organitzaci\u00f3 eficient, din\u00e0mica i emprenedora que, juntament amb una \u00e0mplia experi\u00e8ncia, orientaci\u00f3 a la satisfacci\u00f3 i vocaci\u00f3 de creixement, ens permet arribar fins als nostres clients oferint-los solucions integrals amb la millor qualitat. L&#8217;equip de NUMTA est\u00e0 format per un grup de professionals [&hellip;]<\/p>\n","protected":false},"author":1,"featured_media":0,"parent":0,"menu_order":0,"comment_status":"closed","ping_status":"closed","template":"elementor_header_footer","meta":{"_acf_changed":false,"footnotes":""},"class_list":["post-1490","page","type-page","status-publish","hentry"],"acf":[],"yoast_head":"<!-- This site is optimized with the Yoast SEO plugin v27.4 - https:\/\/yoast.com\/product\/yoast-seo-wordpress\/ -->\n<title>Empresa - NUMTA Constructora<\/title>\n<meta name=\"robots\" content=\"index, follow, max-snippet:-1, max-image-preview:large, max-video-preview:-1\" \/>\n<link rel=\"canonical\" href=\"https:\/\/www.numta.cat\/ca\/empresa\/\" \/>\n<meta property=\"og:locale\" content=\"ca_ES\" \/>\n<meta property=\"og:type\" content=\"article\" \/>\n<meta property=\"og:title\" content=\"Empresa - NUMTA Constructora\" \/>\n<meta property=\"og:description\" content=\"EMPRESA La llarga traject\u00f2ria del nostre equip ens avala, basada en una organitzaci\u00f3 eficient, din\u00e0mica i emprenedora que, juntament amb una \u00e0mplia experi\u00e8ncia, orientaci\u00f3 a la satisfacci\u00f3 i vocaci\u00f3 de creixement, ens permet arribar fins als nostres clients oferint-los solucions integrals amb la millor qualitat. L&#8217;equip de NUMTA est\u00e0 format per un grup de professionals [&hellip;]\" \/>\n<meta property=\"og:url\" content=\"https:\/\/www.numta.cat\/ca\/empresa\/\" \/>\n<meta property=\"og:site_name\" content=\"NUMTA Constructora\" \/>\n<meta property=\"article:modified_time\" content=\"2023-11-13T11:08:18+00:00\" \/>\n<meta property=\"og:image\" content=\"https:\/\/www.numta.cat\/wp-content\/uploads\/2023\/07\/circles.png\" \/>\n<meta name=\"twitter:card\" content=\"summary_large_image\" \/>\n<meta name=\"twitter:label1\" content=\"Temps estimat de lectura\" \/>\n\t<meta name=\"twitter:data1\" content=\"1 minut\" \/>\n<script type=\"application\/ld+json\" class=\"yoast-schema-graph\">{\"@context\":\"https:\\\/\\\/schema.org\",\"@graph\":[{\"@type\":\"WebPage\",\"@id\":\"https:\\\/\\\/www.numta.cat\\\/ca\\\/empresa\\\/\",\"url\":\"https:\\\/\\\/www.numta.cat\\\/ca\\\/empresa\\\/\",\"name\":\"Empresa - NUMTA Constructora\",\"isPartOf\":{\"@id\":\"https:\\\/\\\/www.numta.cat\\\/ca\\\/#website\"},\"primaryImageOfPage\":{\"@id\":\"https:\\\/\\\/www.numta.cat\\\/ca\\\/empresa\\\/#primaryimage\"},\"image\":{\"@id\":\"https:\\\/\\\/www.numta.cat\\\/ca\\\/empresa\\\/#primaryimage\"},\"thumbnailUrl\":\"https:\\\/\\\/www.numta.cat\\\/wp-content\\\/uploads\\\/2023\\\/07\\\/circles.png\",\"datePublished\":\"2023-09-28T09:50:59+00:00\",\"dateModified\":\"2023-11-13T11:08:18+00:00\",\"breadcrumb\":{\"@id\":\"https:\\\/\\\/www.numta.cat\\\/ca\\\/empresa\\\/#breadcrumb\"},\"inLanguage\":\"ca\",\"potentialAction\":[{\"@type\":\"ReadAction\",\"target\":[\"https:\\\/\\\/www.numta.cat\\\/ca\\\/empresa\\\/\"]}]},{\"@type\":\"ImageObject\",\"inLanguage\":\"ca\",\"@id\":\"https:\\\/\\\/www.numta.cat\\\/ca\\\/empresa\\\/#primaryimage\",\"url\":\"https:\\\/\\\/www.numta.cat\\\/wp-content\\\/uploads\\\/2023\\\/07\\\/circles.png\",\"contentUrl\":\"https:\\\/\\\/www.numta.cat\\\/wp-content\\\/uploads\\\/2023\\\/07\\\/circles.png\"},{\"@type\":\"BreadcrumbList\",\"@id\":\"https:\\\/\\\/www.numta.cat\\\/ca\\\/empresa\\\/#breadcrumb\",\"itemListElement\":[{\"@type\":\"ListItem\",\"position\":1,\"name\":\"Inici\",\"item\":\"https:\\\/\\\/www.numta.cat\\\/ca\\\/\"},{\"@type\":\"ListItem\",\"position\":2,\"name\":\"Empresa\"}]},{\"@type\":\"WebSite\",\"@id\":\"https:\\\/\\\/www.numta.cat\\\/ca\\\/#website\",\"url\":\"https:\\\/\\\/www.numta.cat\\\/ca\\\/\",\"name\":\"NUMTA Constructora\",\"description\":\"Numta constructora\",\"publisher\":{\"@id\":\"https:\\\/\\\/www.numta.cat\\\/ca\\\/#organization\"},\"potentialAction\":[{\"@type\":\"SearchAction\",\"target\":{\"@type\":\"EntryPoint\",\"urlTemplate\":\"https:\\\/\\\/www.numta.cat\\\/ca\\\/?s={search_term_string}\"},\"query-input\":{\"@type\":\"PropertyValueSpecification\",\"valueRequired\":true,\"valueName\":\"search_term_string\"}}],\"inLanguage\":\"ca\"},{\"@type\":\"Organization\",\"@id\":\"https:\\\/\\\/www.numta.cat\\\/ca\\\/#organization\",\"name\":\"NUMTA Constructora\",\"url\":\"https:\\\/\\\/www.numta.cat\\\/ca\\\/\",\"logo\":{\"@type\":\"ImageObject\",\"inLanguage\":\"ca\",\"@id\":\"https:\\\/\\\/www.numta.cat\\\/ca\\\/#\\\/schema\\\/logo\\\/image\\\/\",\"url\":\"https:\\\/\\\/www.numta.cat\\\/wp-content\\\/uploads\\\/2023\\\/06\\\/numta-logo.svg\",\"contentUrl\":\"https:\\\/\\\/www.numta.cat\\\/wp-content\\\/uploads\\\/2023\\\/06\\\/numta-logo.svg\",\"width\":300,\"height\":48,\"caption\":\"NUMTA Constructora\"},\"image\":{\"@id\":\"https:\\\/\\\/www.numta.cat\\\/ca\\\/#\\\/schema\\\/logo\\\/image\\\/\"}}]}<\/script>\n<!-- \/ Yoast SEO plugin. -->","yoast_head_json":{"title":"Empresa - NUMTA Constructora","robots":{"index":"index","follow":"follow","max-snippet":"max-snippet:-1","max-image-preview":"max-image-preview:large","max-video-preview":"max-video-preview:-1"},"canonical":"https:\/\/www.numta.cat\/ca\/empresa\/","og_locale":"ca_ES","og_type":"article","og_title":"Empresa - NUMTA Constructora","og_description":"EMPRESA La llarga traject\u00f2ria del nostre equip ens avala, basada en una organitzaci\u00f3 eficient, din\u00e0mica i emprenedora que, juntament amb una \u00e0mplia experi\u00e8ncia, orientaci\u00f3 a la satisfacci\u00f3 i vocaci\u00f3 de creixement, ens permet arribar fins als nostres clients oferint-los solucions integrals amb la millor qualitat. L&#8217;equip de NUMTA est\u00e0 format per un grup de professionals [&hellip;]","og_url":"https:\/\/www.numta.cat\/ca\/empresa\/","og_site_name":"NUMTA Constructora","article_modified_time":"2023-11-13T11:08:18+00:00","og_image":[{"url":"https:\/\/www.numta.cat\/wp-content\/uploads\/2023\/07\/circles.png","type":"","width":"","height":""}],"twitter_card":"summary_large_image","twitter_misc":{"Temps estimat de lectura":"1 minut"},"schema":{"@context":"https:\/\/schema.org","@graph":[{"@type":"WebPage","@id":"https:\/\/www.numta.cat\/ca\/empresa\/","url":"https:\/\/www.numta.cat\/ca\/empresa\/","name":"Empresa - NUMTA Constructora","isPartOf":{"@id":"https:\/\/www.numta.cat\/ca\/#website"},"primaryImageOfPage":{"@id":"https:\/\/www.numta.cat\/ca\/empresa\/#primaryimage"},"image":{"@id":"https:\/\/www.numta.cat\/ca\/empresa\/#primaryimage"},"thumbnailUrl":"https:\/\/www.numta.cat\/wp-content\/uploads\/2023\/07\/circles.png","datePublished":"2023-09-28T09:50:59+00:00","dateModified":"2023-11-13T11:08:18+00:00","breadcrumb":{"@id":"https:\/\/www.numta.cat\/ca\/empresa\/#breadcrumb"},"inLanguage":"ca","potentialAction":[{"@type":"ReadAction","target":["https:\/\/www.numta.cat\/ca\/empresa\/"]}]},{"@type":"ImageObject","inLanguage":"ca","@id":"https:\/\/www.numta.cat\/ca\/empresa\/#primaryimage","url":"https:\/\/www.numta.cat\/wp-content\/uploads\/2023\/07\/circles.png","contentUrl":"https:\/\/www.numta.cat\/wp-content\/uploads\/2023\/07\/circles.png"},{"@type":"BreadcrumbList","@id":"https:\/\/www.numta.cat\/ca\/empresa\/#breadcrumb","itemListElement":[{"@type":"ListItem","position":1,"name":"Inici","item":"https:\/\/www.numta.cat\/ca\/"},{"@type":"ListItem","position":2,"name":"Empresa"}]},{"@type":"WebSite","@id":"https:\/\/www.numta.cat\/ca\/#website","url":"https:\/\/www.numta.cat\/ca\/","name":"NUMTA Constructora","description":"Numta constructora","publisher":{"@id":"https:\/\/www.numta.cat\/ca\/#organization"},"potentialAction":[{"@type":"SearchAction","target":{"@type":"EntryPoint","urlTemplate":"https:\/\/www.numta.cat\/ca\/?s={search_term_string}"},"query-input":{"@type":"PropertyValueSpecification","valueRequired":true,"valueName":"search_term_string"}}],"inLanguage":"ca"},{"@type":"Organization","@id":"https:\/\/www.numta.cat\/ca\/#organization","name":"NUMTA Constructora","url":"https:\/\/www.numta.cat\/ca\/","logo":{"@type":"ImageObject","inLanguage":"ca","@id":"https:\/\/www.numta.cat\/ca\/#\/schema\/logo\/image\/","url":"https:\/\/www.numta.cat\/wp-content\/uploads\/2023\/06\/numta-logo.svg","contentUrl":"https:\/\/www.numta.cat\/wp-content\/uploads\/2023\/06\/numta-logo.svg","width":300,"height":48,"caption":"NUMTA Constructora"},"image":{"@id":"https:\/\/www.numta.cat\/ca\/#\/schema\/logo\/image\/"}}]}},"_links":{"self":[{"href":"https:\/\/www.numta.cat\/ca\/wp-json\/wp\/v2\/pages\/1490","targetHints":{"allow":["GET"]}}],"collection":[{"href":"https:\/\/www.numta.cat\/ca\/wp-json\/wp\/v2\/pages"}],"about":[{"href":"https:\/\/www.numta.cat\/ca\/wp-json\/wp\/v2\/types\/page"}],"author":[{"embeddable":true,"href":"https:\/\/www.numta.cat\/ca\/wp-json\/wp\/v2\/users\/1"}],"replies":[{"embeddable":true,"href":"https:\/\/www.numta.cat\/ca\/wp-json\/wp\/v2\/comments?post=1490"}],"version-history":[{"count":1,"href":"https:\/\/www.numta.cat\/ca\/wp-json\/wp\/v2\/pages\/1490\/revisions"}],"predecessor-version":[{"id":1491,"href":"https:\/\/www.numta.cat\/ca\/wp-json\/wp\/v2\/pages\/1490\/revisions\/1491"}],"wp:attachment":[{"href":"https:\/\/www.numta.cat\/ca\/wp-json\/wp\/v2\/media?parent=1490"}],"curies":[{"name":"wp","href":"https:\/\/api.w.org\/{rel}","templated":true}]}}